{"id":24,"date":"2023-06-09T11:47:54","date_gmt":"2023-06-09T11:47:54","guid":{"rendered":"https:\/\/app.licorespuertofierro.com\/?page_id=24"},"modified":"2023-06-09T20:17:13","modified_gmt":"2023-06-09T20:17:13","slug":"inicio","status":"publish","type":"page","link":"https:\/\/app.licorespuertofierro.com\/","title":{"rendered":"Inicio"},"content":{"rendered":"\t\t<div data-elementor-type=\"wp-page\" data-elementor-id=\"24\" class=\"elementor elementor-24\">\n\t\t\t\t\t\t\t\t\t<section class=\"elementor-section elementor-top-section elementor-element elementor-element-22b398d elementor-section-boxed elementor-section-height-default elementor-section-height-default\" data-id=\"22b398d\" data-element_type=\"section\" data-settings=\"{&quot;background_background&quot;:&quot;classic&quot;}\">\n\t\t\t\t\t\t\t<div class=\"elementor-background-overlay\"><\/div>\n\t\t\t\t\t\t\t<div class=\"elementor-container elementor-column-gap-default\">\n\t\t\t\t\t<div class=\"elementor-column elementor-col-50 elementor-top-column elementor-element elementor-element-fc01e5c\" data-id=\"fc01e5c\" data-element_type=\"column\">\n\t\t\t<div class=\"elementor-widget-wrap elementor-element-populated\">\n\t\t\t\t\t\t\t\t<div class=\"elementor-element elementor-element-7eecdfa elementor-widget elementor-widget-heading\" data-id=\"7eecdfa\" data-element_type=\"widget\" data-widget_type=\"heading.default\">\n\t\t\t\t<div class=\"elementor-widget-container\">\n\t\t\t<style>\/*! elementor - v3.13.3 - 28-05-2023 *\/\n.elementor-heading-title{padding:0;margin:0;line-height:1}.elementor-widget-heading .elementor-heading-title[class*=elementor-size-]>a{color:inherit;font-size:inherit;line-height:inherit}.elementor-widget-heading .elementor-heading-title.elementor-size-small{font-size:15px}.elementor-widget-heading .elementor-heading-title.elementor-size-medium{font-size:19px}.elementor-widget-heading .elementor-heading-title.elementor-size-large{font-size:29px}.elementor-widget-heading .elementor-heading-title.elementor-size-xl{font-size:39px}.elementor-widget-heading .elementor-heading-title.elementor-size-xxl{font-size:59px}<\/style><h1 class=\"elementor-heading-title elementor-size-default\">Licores a Domicilio Bogot\u00e1<\/h1>\t\t<\/div>\n\t\t\t\t<\/div>\n\t\t\t\t<div class=\"elementor-element elementor-element-cf190a8 elementor-widget elementor-widget-text-editor\" data-id=\"cf190a8\" data-element_type=\"widget\" data-widget_type=\"text-editor.default\">\n\t\t\t\t<div class=\"elementor-widget-container\">\n\t\t\t<style>\/*! elementor - v3.13.3 - 28-05-2023 *\/\n.elementor-widget-text-editor.elementor-drop-cap-view-stacked .elementor-drop-cap{background-color:#69727d;color:#fff}.elementor-widget-text-editor.elementor-drop-cap-view-framed .elementor-drop-cap{color:#69727d;border:3px solid;background-color:transparent}.elementor-widget-text-editor:not(.elementor-drop-cap-view-default) .elementor-drop-cap{margin-top:8px}.elementor-widget-text-editor:not(.elementor-drop-cap-view-default) .elementor-drop-cap-letter{width:1em;height:1em}.elementor-widget-text-editor .elementor-drop-cap{float:left;text-align:center;line-height:1;font-size:50px}.elementor-widget-text-editor .elementor-drop-cap-letter{display:inline-block}<\/style>\t\t\t\tLicores a Domicilio (Norte &#8211; Sur &#8211; Centro &#8211; Soacha &#8211; Bosa)\t\t\t\t\t\t<\/div>\n\t\t\t\t<\/div>\n\t\t\t\t\t<\/div>\n\t\t<\/div>\n\t\t\t\t<div class=\"elementor-column elementor-col-50 elementor-top-column elementor-element elementor-element-abb0bb5\" data-id=\"abb0bb5\" data-element_type=\"column\">\n\t\t\t<div class=\"elementor-widget-wrap\">\n\t\t\t\t\t\t\t\t\t<\/div>\n\t\t<\/div>\n\t\t\t\t\t\t\t<\/div>\n\t\t<\/section>\n\t\t\t\t<section class=\"elementor-section elementor-top-section elementor-element elementor-element-38c2b66 elementor-section-boxed elementor-section-height-default elementor-section-height-default\" data-id=\"38c2b66\" data-element_type=\"section\">\n\t\t\t\t\t\t<div class=\"elementor-container elementor-column-gap-default\">\n\t\t\t\t\t<div class=\"elementor-column elementor-col-50 elementor-top-column elementor-element elementor-element-7eed88e\" data-id=\"7eed88e\" data-element_type=\"column\">\n\t\t\t<div class=\"elementor-widget-wrap elementor-element-populated\">\n\t\t\t\t\t\t\t\t<div class=\"elementor-element elementor-element-7a32ded elementor-widget elementor-widget-heading\" data-id=\"7a32ded\" data-element_type=\"widget\" data-widget_type=\"heading.default\">\n\t\t\t\t<div class=\"elementor-widget-container\">\n\t\t\t<h2 class=\"elementor-heading-title elementor-size-default\">Licores Puerto Fierro: La mejor licorera nocturna en Bogot\u00e1 para entregas a domicilio<\/h2>\t\t<\/div>\n\t\t\t\t<\/div>\n\t\t\t\t<div class=\"elementor-element elementor-element-2ba8322 elementor-widget elementor-widget-text-editor\" data-id=\"2ba8322\" data-element_type=\"widget\" data-widget_type=\"text-editor.default\">\n\t\t\t\t<div class=\"elementor-widget-container\">\n\t\t\t\t\t\t\t<p>En <strong>Licores Puerto Fierro<\/strong>, nos enorgullece ser la mejor <strong>licorera nocturna en Bogot\u00e1<\/strong>, brindando un servicio de <strong>entregas a domicilio<\/strong> que se ajusta a tu horario. Nuestro objetivo es brindarte comodidad y calidad, ofreciendo una amplia variedad de <strong>licores y bebidas<\/strong> que puedes disfrutar en la comodidad de tu hogar. Ya sea que necesites una botella de vino para una ocasi\u00f3n especial o una selecci\u00f3n de cervezas para compartir con amigos, estamos aqu\u00ed para satisfacer tus necesidades. Conf\u00eda en Licores Puerto Fierro y descubre por qu\u00e9 somos la elecci\u00f3n preferida en Bogot\u00e1 para las entregas nocturnas de <strong>licores a domicilio<\/strong>. \u00a1Haz tu pedido ahora y d\u00e9janos llevarte una experiencia de sabor \u00fanica!<\/p>\t\t\t\t\t\t<\/div>\n\t\t\t\t<\/div>\n\t\t\t\t\t<\/div>\n\t\t<\/div>\n\t\t\t\t<div class=\"elementor-column elementor-col-50 elementor-top-column elementor-element elementor-element-142f35b\" data-id=\"142f35b\" data-element_type=\"column\">\n\t\t\t<div class=\"elementor-widget-wrap elementor-element-populated\">\n\t\t\t\t\t\t\t\t<div class=\"elementor-element elementor-element-7e40393 elementor-widget elementor-widget-image\" data-id=\"7e40393\" data-element_type=\"widget\" data-widget_type=\"image.default\">\n\t\t\t\t<div class=\"elementor-widget-container\">\n\t\t\t<style>\/*! elementor - v3.13.3 - 28-05-2023 *\/\n.elementor-widget-image{text-align:center}.elementor-widget-image a{display:inline-block}.elementor-widget-image a img[src$=\".svg\"]{width:48px}.elementor-widget-image img{vertical-align:middle;display:inline-block}<\/style>\t\t\t\t\t\t\t\t\t\t\t\t<img decoding=\"async\" width=\"800\" height=\"800\" src=\"https:\/\/app.licorespuertofierro.com\/wp-content\/uploads\/2023\/06\/157035-1200-auto.webp\" class=\"attachment-large size-large wp-image-35\" alt=\"\" loading=\"lazy\" srcset=\"https:\/\/app.licorespuertofierro.com\/wp-content\/uploads\/2023\/06\/157035-1200-auto.webp 1000w, https:\/\/app.licorespuertofierro.com\/wp-content\/uploads\/2023\/06\/157035-1200-auto-300x300.webp 300w, https:\/\/app.licorespuertofierro.com\/wp-content\/uploads\/2023\/06\/157035-1200-auto-150x150.webp 150w, https:\/\/app.licorespuertofierro.com\/wp-content\/uploads\/2023\/06\/157035-1200-auto-768x768.webp 768w\" sizes=\"(max-width: 800px) 100vw, 800px\" \/>\t\t\t\t\t\t\t\t\t\t\t\t\t\t\t<\/div>\n\t\t\t\t<\/div>\n\t\t\t\t\t<\/div>\n\t\t<\/div>\n\t\t\t\t\t\t\t<\/div>\n\t\t<\/section>\n\t\t\t\t<section class=\"elementor-section elementor-top-section elementor-element elementor-element-a2cd9ed elementor-section-boxed elementor-section-height-default elementor-section-height-default\" data-id=\"a2cd9ed\" data-element_type=\"section\">\n\t\t\t\t\t\t<div class=\"elementor-container elementor-column-gap-default\">\n\t\t\t\t\t<div class=\"elementor-column elementor-col-100 elementor-top-column elementor-element elementor-element-3ce8cbd\" data-id=\"3ce8cbd\" data-element_type=\"column\">\n\t\t\t<div class=\"elementor-widget-wrap elementor-element-populated\">\n\t\t\t\t\t\t\t\t<div class=\"elementor-element elementor-element-883684a elementor-widget elementor-widget-image\" data-id=\"883684a\" data-element_type=\"widget\" data-widget_type=\"image.default\">\n\t\t\t\t<div class=\"elementor-widget-container\">\n\t\t\t\t\t\t\t\t\t\t\t\t\t\t\t<img decoding=\"async\" width=\"800\" height=\"205\" src=\"https:\/\/app.licorespuertofierro.com\/wp-content\/uploads\/2023\/06\/puerto-fierro-1024x263-1.jpg\" class=\"attachment-large size-large wp-image-43\" alt=\"\" loading=\"lazy\" srcset=\"https:\/\/app.licorespuertofierro.com\/wp-content\/uploads\/2023\/06\/puerto-fierro-1024x263-1.jpg 1024w, https:\/\/app.licorespuertofierro.com\/wp-content\/uploads\/2023\/06\/puerto-fierro-1024x263-1-300x77.jpg 300w, https:\/\/app.licorespuertofierro.com\/wp-content\/uploads\/2023\/06\/puerto-fierro-1024x263-1-768x197.jpg 768w\" sizes=\"(max-width: 800px) 100vw, 800px\" \/>\t\t\t\t\t\t\t\t\t\t\t\t\t\t\t<\/div>\n\t\t\t\t<\/div>\n\t\t\t\t\t<\/div>\n\t\t<\/div>\n\t\t\t\t\t\t\t<\/div>\n\t\t<\/section>\n\t\t\t\t<section class=\"elementor-section elementor-top-section elementor-element elementor-element-1421b02 elementor-section-boxed elementor-section-height-default elementor-section-height-default\" data-id=\"1421b02\" data-element_type=\"section\">\n\t\t\t\t\t\t<div class=\"elementor-container elementor-column-gap-default\">\n\t\t\t\t\t<div class=\"elementor-column elementor-col-50 elementor-top-column elementor-element elementor-element-00ac179\" data-id=\"00ac179\" data-element_type=\"column\">\n\t\t\t<div class=\"elementor-widget-wrap elementor-element-populated\">\n\t\t\t\t\t\t\t\t<div class=\"elementor-element elementor-element-ede07ff elementor-widget elementor-widget-image\" data-id=\"ede07ff\" data-element_type=\"widget\" data-widget_type=\"image.default\">\n\t\t\t\t<div class=\"elementor-widget-container\">\n\t\t\t\t\t\t\t\t\t\t\t\t\t\t\t<img decoding=\"async\" width=\"800\" height=\"800\" src=\"https:\/\/app.licorespuertofierro.com\/wp-content\/uploads\/2023\/06\/157779-1200-auto.webp\" class=\"attachment-large size-large wp-image-34\" alt=\"\" loading=\"lazy\" srcset=\"https:\/\/app.licorespuertofierro.com\/wp-content\/uploads\/2023\/06\/157779-1200-auto.webp 1000w, https:\/\/app.licorespuertofierro.com\/wp-content\/uploads\/2023\/06\/157779-1200-auto-300x300.webp 300w, https:\/\/app.licorespuertofierro.com\/wp-content\/uploads\/2023\/06\/157779-1200-auto-150x150.webp 150w, https:\/\/app.licorespuertofierro.com\/wp-content\/uploads\/2023\/06\/157779-1200-auto-768x768.webp 768w\" sizes=\"(max-width: 800px) 100vw, 800px\" \/>\t\t\t\t\t\t\t\t\t\t\t\t\t\t\t<\/div>\n\t\t\t\t<\/div>\n\t\t\t\t\t<\/div>\n\t\t<\/div>\n\t\t\t\t<div class=\"elementor-column elementor-col-50 elementor-top-column elementor-element elementor-element-cccf264\" data-id=\"cccf264\" data-element_type=\"column\">\n\t\t\t<div class=\"elementor-widget-wrap elementor-element-populated\">\n\t\t\t\t\t\t\t\t<div class=\"elementor-element elementor-element-3e87823 elementor-widget elementor-widget-heading\" data-id=\"3e87823\" data-element_type=\"widget\" data-widget_type=\"heading.default\">\n\t\t\t\t<div class=\"elementor-widget-container\">\n\t\t\t<h2 class=\"elementor-heading-title elementor-size-default\">Variedad de cervezas a domicilio en Bogot\u00e1: Poker, \u00c1guila y Four Lokos en Licores Puerto Fierro<\/h2>\t\t<\/div>\n\t\t\t\t<\/div>\n\t\t\t\t<div class=\"elementor-element elementor-element-42ef8b6 elementor-widget elementor-widget-text-editor\" data-id=\"42ef8b6\" data-element_type=\"widget\" data-widget_type=\"text-editor.default\">\n\t\t\t\t<div class=\"elementor-widget-container\">\n\t\t\t\t\t\t\t<p>En <strong>Licores Puerto Fierro<\/strong>, entendemos que cada persona tiene sus preferencias cuando se trata de <strong>cerveza<\/strong>. Es por eso que te ofrecemos una amplia variedad de opciones para que puedas disfrutar de tu cerveza favorita sin tener que salir de casa. Desde las cl\u00e1sicas y refrescantes cervezas como <strong>Poker y \u00c1guila<\/strong>, hasta las emocionantes Four Lokos, tenemos algo para todos los gustos. Nuestro servicio de entrega a <strong>domicilio en Bogot\u00e1<\/strong> te permite obtener las cervezas que deseas, cuando las deseas. Olv\u00eddate de preocuparte por cargar botellas pesadas o de hacer largas filas en el supermercado. Simplemente realiza tu<strong> pedido en Licores Puerto Fierro<\/strong> y nosotros nos encargaremos de llevarte la cerveza directamente a tu puerta. <strong>\u00a1Disfruta de la comodidad y la variedad con Licores Puerto Fierro!<\/strong><\/p>\t\t\t\t\t\t<\/div>\n\t\t\t\t<\/div>\n\t\t\t\t\t<\/div>\n\t\t<\/div>\n\t\t\t\t\t\t\t<\/div>\n\t\t<\/section>\n\t\t\t\t<section class=\"elementor-section elementor-top-section elementor-element elementor-element-9f3b546 elementor-section-boxed elementor-section-height-default elementor-section-height-default\" data-id=\"9f3b546\" data-element_type=\"section\">\n\t\t\t\t\t\t<div class=\"elementor-container elementor-column-gap-default\">\n\t\t\t\t\t<div class=\"elementor-column elementor-col-100 elementor-top-column elementor-element elementor-element-952e6e6\" data-id=\"952e6e6\" data-element_type=\"column\">\n\t\t\t<div class=\"elementor-widget-wrap elementor-element-populated\">\n\t\t\t\t\t\t\t\t<div class=\"elementor-element elementor-element-0cf0400 elementor-widget elementor-widget-image\" data-id=\"0cf0400\" data-element_type=\"widget\" data-widget_type=\"image.default\">\n\t\t\t\t<div class=\"elementor-widget-container\">\n\t\t\t\t\t\t\t\t\t\t\t\t\t\t\t<img decoding=\"async\" width=\"800\" height=\"204\" src=\"https:\/\/app.licorespuertofierro.com\/wp-content\/uploads\/2023\/06\/1-1024x261-1.jpeg\" class=\"attachment-large size-large wp-image-37\" alt=\"\" loading=\"lazy\" srcset=\"https:\/\/app.licorespuertofierro.com\/wp-content\/uploads\/2023\/06\/1-1024x261-1.jpeg 1024w, https:\/\/app.licorespuertofierro.com\/wp-content\/uploads\/2023\/06\/1-1024x261-1-300x76.jpeg 300w, https:\/\/app.licorespuertofierro.com\/wp-content\/uploads\/2023\/06\/1-1024x261-1-768x196.jpeg 768w\" sizes=\"(max-width: 800px) 100vw, 800px\" \/>\t\t\t\t\t\t\t\t\t\t\t\t\t\t\t<\/div>\n\t\t\t\t<\/div>\n\t\t\t\t\t<\/div>\n\t\t<\/div>\n\t\t\t\t\t\t\t<\/div>\n\t\t<\/section>\n\t\t\t\t<section class=\"elementor-section elementor-top-section elementor-element elementor-element-377aac6 elementor-section-boxed elementor-section-height-default elementor-section-height-default\" data-id=\"377aac6\" data-element_type=\"section\">\n\t\t\t\t\t\t<div class=\"elementor-container elementor-column-gap-default\">\n\t\t\t\t\t<div class=\"elementor-column elementor-col-50 elementor-top-column elementor-element elementor-element-8b1dd5c\" data-id=\"8b1dd5c\" data-element_type=\"column\">\n\t\t\t<div class=\"elementor-widget-wrap elementor-element-populated\">\n\t\t\t\t\t\t\t\t<div class=\"elementor-element elementor-element-993a9c4 elementor-widget elementor-widget-heading\" data-id=\"993a9c4\" data-element_type=\"widget\" data-widget_type=\"heading.default\">\n\t\t\t\t<div class=\"elementor-widget-container\">\n\t\t\t<h2 class=\"elementor-heading-title elementor-size-default\">\u00a1Descubre la mejor licorera a domicilio en Bogot\u00e1, con cobertura en todas las zonas!<\/h2>\t\t<\/div>\n\t\t\t\t<\/div>\n\t\t\t\t<div class=\"elementor-element elementor-element-1a96381 elementor-widget elementor-widget-text-editor\" data-id=\"1a96381\" data-element_type=\"widget\" data-widget_type=\"text-editor.default\">\n\t\t\t\t<div class=\"elementor-widget-container\">\n\t\t\t\t\t\t\t<p>En<strong> Licores Puerto Fierro<\/strong>, nos enorgullece ofrecerte un servicio de entrega a <strong>domicilio<\/strong> de <strong>licores y bebidas en todas las localidades de Bogot\u00e1<\/strong>. Ya sea que te encuentres en el norte de la ciudad, como <strong>Cedritos<\/strong>, <strong>Suba<\/strong> o <strong>Usaqu\u00e9n<\/strong>, o en el <strong>sur<\/strong>, como <strong>Bosa<\/strong>, <strong>Kennedy<\/strong> o <strong>San Crist\u00f3bal<\/strong>, estamos aqu\u00ed para atender tus necesidades.<\/p><p>Nuestro objetivo es brindarte comodidad y accesibilidad, sin importar d\u00f3nde te encuentres en <strong>Bogot\u00e1<\/strong>. Cubrimos todas las zonas, incluyendo <strong>Puente Aranda<\/strong>, el c<strong>entro de la ciudad<\/strong>, <strong>Modelia<\/strong>, <strong>Fontib\u00f3n<\/strong> y muchas m\u00e1s. Queremos asegurarnos de que puedas disfrutar de tus licores favoritos sin tener que preocuparte por largos desplazamientos o tiendas cerradas.<\/p><p>En <strong>Licores Puerto Fierro<\/strong>, encontrar\u00e1s una amplia selecci\u00f3n de productos de alta calidad, desde <strong>cervezas y vinos hasta rones, tequilas y whiskys<\/strong>. Nuestro equipo est\u00e1 comprometido en brindarte un servicio excepcional y una experiencia de compra satisfactoria.<\/p><p>No importa en qu\u00e9 parte de Bogot\u00e1 te encuentres, puedes contar con Licores Puerto Fierro para llevar hasta tu puerta la mejor selecci\u00f3n de licores y bebidas. <strong>Realiza tu pedido ahora y descubre por qu\u00e9 somos la opci\u00f3n preferida en todas las localidades de Bogot\u00e1.<\/strong> \u00a1Te esperamos con la mejor atenci\u00f3n y los mejores productos!<\/p>\t\t\t\t\t\t<\/div>\n\t\t\t\t<\/div>\n\t\t\t\t\t<\/div>\n\t\t<\/div>\n\t\t\t\t<div class=\"elementor-column elementor-col-50 elementor-top-column elementor-element elementor-element-09ab831\" data-id=\"09ab831\" data-element_type=\"column\">\n\t\t\t<div class=\"elementor-widget-wrap elementor-element-populated\">\n\t\t\t\t\t\t\t\t<div class=\"elementor-element elementor-element-4e7ffab elementor-widget elementor-widget-image\" data-id=\"4e7ffab\" data-element_type=\"widget\" data-widget_type=\"image.default\">\n\t\t\t\t<div class=\"elementor-widget-container\">\n\t\t\t\t\t\t\t\t\t\t\t\t\t\t\t<img decoding=\"async\" width=\"768\" height=\"1024\" src=\"https:\/\/app.licorespuertofierro.com\/wp-content\/uploads\/2023\/06\/Nectar-scaled-3-768x1024.jpg\" class=\"attachment-large size-large wp-image-42\" alt=\"\" loading=\"lazy\" srcset=\"https:\/\/app.licorespuertofierro.com\/wp-content\/uploads\/2023\/06\/Nectar-scaled-3-768x1024.jpg 768w, https:\/\/app.licorespuertofierro.com\/wp-content\/uploads\/2023\/06\/Nectar-scaled-3-225x300.jpg 225w, https:\/\/app.licorespuertofierro.com\/wp-content\/uploads\/2023\/06\/Nectar-scaled-3-1152x1536.jpg 1152w, https:\/\/app.licorespuertofierro.com\/wp-content\/uploads\/2023\/06\/Nectar-scaled-3-1536x2048.jpg 1536w, https:\/\/app.licorespuertofierro.com\/wp-content\/uploads\/2023\/06\/Nectar-scaled-3.jpg 1920w\" sizes=\"(max-width: 768px) 100vw, 768px\" \/>\t\t\t\t\t\t\t\t\t\t\t\t\t\t\t<\/div>\n\t\t\t\t<\/div>\n\t\t\t\t\t<\/div>\n\t\t<\/div>\n\t\t\t\t\t\t\t<\/div>\n\t\t<\/section>\n\t\t\t\t\t\t\t<\/div>\n\t\t","protected":false},"excerpt":{"rendered":"<p>Licores a Domicilio Bogot\u00e1 Licores a Domicilio (Norte &#8211; Sur &#8211; Centro &#8211; Soacha &#8211; Bosa) Licores Puerto Fierro: La mejor licorera nocturna en Bogot\u00e1 para entregas a domicilio En Licores Puerto Fierro, nos enorgullece ser la mejor licorera nocturna en Bogot\u00e1, brindando un servicio de entregas a domicilio que se ajusta a tu horario. [&hellip;]<\/p>\n","protected":false},"author":1,"featured_media":0,"parent":0,"menu_order":0,"comment_status":"closed","ping_status":"closed","template":"","meta":[],"_links":{"self":[{"href":"https:\/\/app.licorespuertofierro.com\/index.php\/wp-json\/wp\/v2\/pages\/24"}],"collection":[{"href":"https:\/\/app.licorespuertofierro.com\/index.php\/wp-json\/wp\/v2\/pages"}],"about":[{"href":"https:\/\/app.licorespuertofierro.com\/index.php\/wp-json\/wp\/v2\/types\/page"}],"author":[{"embeddable":true,"href":"https:\/\/app.licorespuertofierro.com\/index.php\/wp-json\/wp\/v2\/users\/1"}],"replies":[{"embeddable":true,"href":"https:\/\/app.licorespuertofierro.com\/index.php\/wp-json\/wp\/v2\/comments?post=24"}],"version-history":[{"count":8,"href":"https:\/\/app.licorespuertofierro.com\/index.php\/wp-json\/wp\/v2\/pages\/24\/revisions"}],"predecessor-version":[{"id":49,"href":"https:\/\/app.licorespuertofierro.com\/index.php\/wp-json\/wp\/v2\/pages\/24\/revisions\/49"}],"wp:attachment":[{"href":"https:\/\/app.licorespuertofierro.com\/index.php\/wp-json\/wp\/v2\/media?parent=24"}],"curies":[{"name":"wp","href":"https:\/\/api.w.org\/{rel}","templated":true}]}}